{"id":9,"date":"2021-05-18T04:37:24","date_gmt":"2021-05-18T04:37:24","guid":{"rendered":"https:\/\/kelataksiylivieska.fi\/?page_id=9"},"modified":"2026-01-10T07:24:37","modified_gmt":"2026-01-10T07:24:37","slug":"etusivu","status":"publish","type":"page","link":"https:\/\/kelataxi.fi\/","title":{"rendered":"Etusivu"},"content":{"rendered":"\t\t<div data-elementor-type=\"wp-page\" data-elementor-id=\"9\" class=\"elementor elementor-9\">\n\t\t\t\t\t\t<section class=\"elementor-section elementor-top-section elementor-element elementor-element-c43bb1b elementor-section-full_width elementor-reverse-mobile elementor-section-height-min-height elementor-section-height-default elementor-section-items-middle\" data-id=\"c43bb1b\" data-element_type=\"section\" data-e-type=\"section\" data-settings=\"{&quot;background_background&quot;:&quot;classic&quot;}\">\n\t\t\t\t\t\t<div class=\"elementor-container elementor-column-gap-default\">\n\t\t\t\t\t<div class=\"elementor-column elementor-col-50 elementor-top-column elementor-element elementor-element-611fa5a\" data-id=\"611fa5a\" data-element_type=\"column\" data-e-type=\"column\" data-settings=\"{&quot;background_background&quot;:&quot;classic&quot;}\">\n\t\t\t<div class=\"elementor-widget-wrap elementor-element-populated\">\n\t\t\t\t\t\t<section class=\"elementor-section elementor-inner-section elementor-element elementor-element-3e7d0df elementor-section-boxed elementor-section-height-default elementor-section-height-default\" data-id=\"3e7d0df\" data-element_type=\"section\" data-e-type=\"section\">\n\t\t\t\t\t\t<div class=\"elementor-container elementor-column-gap-no\">\n\t\t\t\t\t<div class=\"elementor-column elementor-col-100 elementor-inner-column elementor-element elementor-element-c7909ee\" data-id=\"c7909ee\" data-element_type=\"column\" data-e-type=\"column\">\n\t\t\t<div class=\"elementor-widget-wrap elementor-element-populated\">\n\t\t\t\t\t\t<div class=\"elementor-element elementor-element-f57f0c1 elementor-widget elementor-widget-heading\" data-id=\"f57f0c1\" data-element_type=\"widget\" data-e-type=\"widget\" data-widget_type=\"heading.default\">\n\t\t\t\t<div class=\"elementor-widget-container\">\n\t\t\t\t\t<h1 class=\"elementor-heading-title elementor-size-default\">Tilaa Kela-taksi tai omakustanteinen taksi<\/h1>\t\t\t\t<\/div>\n\t\t\t\t<\/div>\n\t\t\t\t<div class=\"elementor-element elementor-element-6df6275 elementor-widget elementor-widget-heading\" data-id=\"6df6275\" data-element_type=\"widget\" data-e-type=\"widget\" data-widget_type=\"heading.default\">\n\t\t\t\t<div class=\"elementor-widget-container\">\n\t\t\t\t\t<h2 class=\"elementor-heading-title elementor-size-default\">Kela-taksin tilaus Keski- ja Pohjois-Pohjanmaalla<\/h2>\t\t\t\t<\/div>\n\t\t\t\t<\/div>\n\t\t\t\t<div class=\"elementor-element elementor-element-25697c0 elementor-widget elementor-widget-heading\" data-id=\"25697c0\" data-element_type=\"widget\" data-e-type=\"widget\" data-widget_type=\"heading.default\">\n\t\t\t\t<div class=\"elementor-widget-container\">\n\t\t\t\t\t<h2 class=\"elementor-heading-title elementor-size-default\"><a href=\"tel:+358800415720\" class=\"google-phone\">0800 415720<\/a><\/h2>\t\t\t\t<\/div>\n\t\t\t\t<\/div>\n\t\t\t\t<div class=\"elementor-element elementor-element-854372f elementor-widget elementor-widget-heading\" data-id=\"854372f\" data-element_type=\"widget\" data-e-type=\"widget\" data-widget_type=\"heading.default\">\n\t\t\t\t<div class=\"elementor-widget-container\">\n\t\t\t\t\t<span class=\"elementor-heading-title elementor-size-default\">Ylivieska,\u00a0 Alavieska, Kalajoki, Nivala<\/span>\t\t\t\t<\/div>\n\t\t\t\t<\/div>\n\t\t\t\t<div class=\"elementor-element elementor-element-043a671 elementor-widget elementor-widget-text-editor\" data-id=\"043a671\" data-element_type=\"widget\" data-e-type=\"widget\" data-widget_type=\"text-editor.default\">\n\t\t\t\t<div class=\"elementor-widget-container\">\n\t\t\t\t\t\t\t\t\t<p>Tekstiviestinumero kuulo- ja puhevammaisille on<br \/><a style=\"text-decoration: underline;\" href=\"tel:18148\">18148<\/a>. Tilausnumero on maksuton.<\/p>\t\t\t\t\t\t\t\t<\/div>\n\t\t\t\t<\/div>\n\t\t\t\t<div class=\"elementor-element elementor-element-1257025 elementor-widget elementor-widget-html\" data-id=\"1257025\" data-element_type=\"widget\" data-e-type=\"widget\" data-widget_type=\"html.default\">\n\t\t\t\t<div class=\"elementor-widget-container\">\n\t\t\t\t\t<div style=\"display: flex; align-items: center; justify-content: center;\"><a href=\"tel:0800415720\" class=\"google-button\" onclick=\"return gtag_report_conversion('tel:0800415720')\">Soita ja tilaa Kela-taksi<\/a>\n<\/div>\n\t\t\t\t<\/div>\n\t\t\t\t<\/div>\n\t\t\t\t<div class=\"elementor-element elementor-element-723b563 elementor-widget elementor-widget-heading\" data-id=\"723b563\" data-element_type=\"widget\" data-e-type=\"widget\" data-widget_type=\"heading.default\">\n\t\t\t\t<div class=\"elementor-widget-container\">\n\t\t\t\t\t<h2 class=\"elementor-heading-title elementor-size-default\">Omakustanteisen taksin tilaus<\/h2>\t\t\t\t<\/div>\n\t\t\t\t<\/div>\n\t\t\t\t<div class=\"elementor-element elementor-element-310f2c7 elementor-widget elementor-widget-heading\" data-id=\"310f2c7\" data-element_type=\"widget\" data-e-type=\"widget\" data-widget_type=\"heading.default\">\n\t\t\t\t<div class=\"elementor-widget-container\">\n\t\t\t\t\t<span class=\"elementor-heading-title elementor-size-default\">Ylivieska,\u00a0 Alavieska, Kalajoki, Nivala<\/span>\t\t\t\t<\/div>\n\t\t\t\t<\/div>\n\t\t\t\t<div class=\"elementor-element elementor-element-c665186 elementor-widget elementor-widget-heading\" data-id=\"c665186\" data-element_type=\"widget\" data-e-type=\"widget\" data-widget_type=\"heading.default\">\n\t\t\t\t<div class=\"elementor-widget-container\">\n\t\t\t\t\t<h2 class=\"elementor-heading-title elementor-size-default\"><a href=\"tel:+3581003009\" class=\"google-phone\">0100 3009<\/a><\/h2>\t\t\t\t<\/div>\n\t\t\t\t<\/div>\n\t\t\t\t<div class=\"elementor-element elementor-element-5aae374 elementor-widget elementor-widget-html\" data-id=\"5aae374\" data-element_type=\"widget\" data-e-type=\"widget\" data-widget_type=\"html.default\">\n\t\t\t\t<div class=\"elementor-widget-container\">\n\t\t\t\t\t<div style=\"display: flex; align-items: center; justify-content: center;\"><a href=\"tel:01003009\" class=\"google-button\" onclick=\"return gtag_report_conversion('tel:01003009')\">Soita ja tilaa omakustanteinen taksi<\/a>\n<\/div>\n\t\t\t\t<\/div>\n\t\t\t\t<\/div>\n\t\t\t\t\t<\/div>\n\t\t<\/div>\n\t\t\t\t\t<\/div>\n\t\t<\/section>\n\t\t\t\t\t<\/div>\n\t\t<\/div>\n\t\t\t\t<div class=\"elementor-column elementor-col-50 elementor-top-column elementor-element elementor-element-3188432\" data-id=\"3188432\" data-element_type=\"column\" data-e-type=\"column\">\n\t\t\t<div class=\"elementor-widget-wrap elementor-element-populated\">\n\t\t\t\t\t\t<div class=\"elementor-element elementor-element-d869791 elementor-widget elementor-widget-image\" data-id=\"d869791\" data-element_type=\"widget\" data-e-type=\"widget\" data-widget_type=\"image.default\">\n\t\t\t\t<div class=\"elementor-widget-container\">\n\t\t\t\t\t\t\t\t\t\t\t\t\t\t\t<img fetchpriority=\"high\" decoding=\"async\" width=\"1024\" height=\"680\" src=\"https:\/\/kelataxi.fi\/wp-content\/uploads\/2022\/08\/kela-taksi-ylivieska-1024x680.jpg\" class=\"attachment-large size-large wp-image-1383\" alt=\"\" srcset=\"https:\/\/kelataxi.fi\/wp-content\/uploads\/2022\/08\/kela-taksi-ylivieska-1024x680.jpg 1024w, https:\/\/kelataxi.fi\/wp-content\/uploads\/2022\/08\/kela-taksi-ylivieska-300x199.jpg 300w, https:\/\/kelataxi.fi\/wp-content\/uploads\/2022\/08\/kela-taksi-ylivieska-768x510.jpg 768w, https:\/\/kelataxi.fi\/wp-content\/uploads\/2022\/08\/kela-taksi-ylivieska-1536x1020.jpg 1536w, https:\/\/kelataxi.fi\/wp-content\/uploads\/2022\/08\/kela-taksi-ylivieska.jpg 1600w\" sizes=\"(max-width: 1024px) 100vw, 1024px\" \/>\t\t\t\t\t\t\t\t\t\t\t\t\t\t\t<\/div>\n\t\t\t\t<\/div>\n\t\t\t\t\t<\/div>\n\t\t<\/div>\n\t\t\t\t\t<\/div>\n\t\t<\/section>\n\t\t\t\t<section class=\"elementor-section elementor-top-section elementor-element elementor-element-78d7e57 elementor-section-boxed elementor-section-height-default elementor-section-height-default\" data-id=\"78d7e57\" data-element_type=\"section\" data-e-type=\"section\" id=\"jokilaaksojen-kelakyydit\" data-settings=\"{&quot;background_background&quot;:&quot;classic&quot;}\">\n\t\t\t\t\t\t<div class=\"elementor-container elementor-column-gap-no\">\n\t\t\t\t\t<div class=\"elementor-column elementor-col-100 elementor-top-column elementor-element elementor-element-cb08730\" data-id=\"cb08730\" data-element_type=\"column\" data-e-type=\"column\">\n\t\t\t<div class=\"elementor-widget-wrap elementor-element-populated\">\n\t\t\t\t\t\t<div class=\"elementor-element elementor-element-82c6d06 elementor-widget-tablet__width-inherit elementor-widget elementor-widget-heading\" data-id=\"82c6d06\" data-element_type=\"widget\" data-e-type=\"widget\" data-widget_type=\"heading.default\">\n\t\t\t\t<div class=\"elementor-widget-container\">\n\t\t\t\t\t<h2 class=\"elementor-heading-title elementor-size-default\">Kela-Kyydit ja omakustanteiset taksikyydit Jokilaaksojen alueella<\/h2>\t\t\t\t<\/div>\n\t\t\t\t<\/div>\n\t\t\t\t<div class=\"elementor-element elementor-element-7344570 elementor-widget elementor-widget-text-editor\" data-id=\"7344570\" data-element_type=\"widget\" data-e-type=\"widget\" data-widget_type=\"text-editor.default\">\n\t\t\t\t<div class=\"elementor-widget-container\">\n\t\t\t\t\t\t\t\t\t<p><strong>Olemme kotimainen ja paikallinen taksi, joka tarjoaa Kela-taksipalveluita ja omakustanteisia taksipalveluita Ylivieskan, Alavieskan, Kalajoen ja Nivalan alueella. Luotettavat ammattikuljettajat varmistavat turvallisen sek\u00e4 laadukkaan palvelun. Huomioimme my\u00f6s yksil\u00f6lliset palvelutarpeet asiakaskohtaamisissa.<\/strong><\/p><p>Tekstiviestitilauksessa tarvitaan samat tiedot kuin soittaessasi Kela-tilauksen puhelimella eli <strong>nimi, sosiaaliturvatunnus, kellonajat, l\u00e4ht\u00f6osoite, m\u00e4\u00e4r\u00e4np\u00e4\u00e4<\/strong> sek\u00e4 <strong>mahdolliset apuv\u00e4lineet<\/strong>. Katso tarkemmat ohjeet alla.<\/p><p>Asiakkaan on mahdollista my\u00f6s toivoa tilauspuhelun yhteydess\u00e4 kuljettajaa Kela-taksimatkalleen. Asiakkaan tulee kuitenkin tiet\u00e4\u00e4 Kela-taksin autonumero (kupunumero), jotta v\u00e4lityskeskuksemme on mahdollista toive toteuttaa. Jos v\u00e4lityskeskuksemme ei saa riitt\u00e4v\u00e4\u00e4 tietoa toiveen toteuttamiseksi, ei toivetta voida huomioida tilauksen v\u00e4litt\u00e4misen yhteydess\u00e4. Sinun kannattaa olla ennen matkatilauksen tekemist\u00e4 yhteydess\u00e4 toivomaasi kuljettajaan ja varmistaa Kela-autonumero ja aikataulun sopivuus jo valmiiksi. Kyseess\u00e4 on kuitenkin vain toive, joka toteutetaan, jos se on saatujen tietojen perusteella k\u00e4yt\u00e4nn\u00f6ss\u00e4 ja matkan aikataulun kannalta mahdollista.<\/p>\t\t\t\t\t\t\t\t<\/div>\n\t\t\t\t<\/div>\n\t\t\t\t\t<\/div>\n\t\t<\/div>\n\t\t\t\t\t<\/div>\n\t\t<\/section>\n\t\t\t\t<section class=\"elementor-section elementor-top-section elementor-element elementor-element-c7bcc65 elementor-section-boxed elementor-section-height-default elementor-section-height-default\" data-id=\"c7bcc65\" data-element_type=\"section\" data-e-type=\"section\" id=\"muut-kyytitilaukset\" data-settings=\"{&quot;background_background&quot;:&quot;classic&quot;}\">\n\t\t\t\t\t\t<div class=\"elementor-container elementor-column-gap-no\">\n\t\t\t\t\t<div class=\"elementor-column elementor-col-100 elementor-top-column elementor-element elementor-element-227326a\" data-id=\"227326a\" data-element_type=\"column\" data-e-type=\"column\">\n\t\t\t<div class=\"elementor-widget-wrap elementor-element-populated\">\n\t\t\t\t\t\t<div class=\"elementor-element elementor-element-9483d29 elementor-widget-tablet__width-inherit elementor-widget elementor-widget-heading\" data-id=\"9483d29\" data-element_type=\"widget\" data-e-type=\"widget\" data-widget_type=\"heading.default\">\n\t\t\t\t<div class=\"elementor-widget-container\">\n\t\t\t\t\t<h2 class=\"elementor-heading-title elementor-size-default\">Muut kyytitilaukset numerosta<\/h2>\t\t\t\t<\/div>\n\t\t\t\t<\/div>\n\t\t\t\t<div class=\"elementor-element elementor-element-c938a00 elementor-widget elementor-widget-heading\" data-id=\"c938a00\" data-element_type=\"widget\" data-e-type=\"widget\" data-widget_type=\"heading.default\">\n\t\t\t\t<div class=\"elementor-widget-container\">\n\t\t\t\t\t<h2 class=\"elementor-heading-title elementor-size-default\"><a href=\"tel:+3581003009\" class=\"google-phone\">0100 3009<\/a><\/h2>\t\t\t\t<\/div>\n\t\t\t\t<\/div>\n\t\t\t\t<div class=\"elementor-element elementor-element-94d1e5c elementor-widget elementor-widget-text-editor\" data-id=\"94d1e5c\" data-element_type=\"widget\" data-e-type=\"widget\" data-widget_type=\"text-editor.default\">\n\t\t\t\t<div class=\"elementor-widget-container\">\n\t\t\t\t\t\t\t\t\t<p>1,17\u20ac\/puhelu+1,00\u20ac\/min +pvm<\/p>\t\t\t\t\t\t\t\t<\/div>\n\t\t\t\t<\/div>\n\t\t\t\t<div class=\"elementor-element elementor-element-f5d69b8 elementor-align-center elementor-widget elementor-widget-button\" data-id=\"f5d69b8\" data-element_type=\"widget\" data-e-type=\"widget\" data-widget_type=\"button.default\">\n\t\t\t\t<div class=\"elementor-widget-container\">\n\t\t\t\t\t\t\t\t\t<div class=\"elementor-button-wrapper\">\n\t\t\t\t\t<a class=\"elementor-button google-phone elementor-button-link elementor-size-sm\" href=\"tel:+3581003009\">\n\t\t\t\t\t\t<span class=\"elementor-button-content-wrapper\">\n\t\t\t\t\t\t\t\t\t<span class=\"elementor-button-text\">Soita ja tilaa<\/span>\n\t\t\t\t\t<\/span>\n\t\t\t\t\t<\/a>\n\t\t\t\t<\/div>\n\t\t\t\t\t\t\t\t<\/div>\n\t\t\t\t<\/div>\n\t\t\t\t\t<\/div>\n\t\t<\/div>\n\t\t\t\t\t<\/div>\n\t\t<\/section>\n\t\t\t\t<\/div>\n\t\t","protected":false},"excerpt":{"rendered":"<p>Tilaa Kela-taksi tai omakustanteinen taksi Kela-taksin tilaus Keski- ja Pohjois-Pohjanmaalla 0800 415720 Ylivieska,\u00a0 Alavieska, Kalajoki, Nivala Tekstiviestinumero kuulo- ja puhevammaisille on18148. Tilausnumero on maksuton. Soita ja tilaa Kela-taksi Omakustanteisen taksin tilaus Ylivieska,\u00a0 Alavieska, Kalajoki, Nivala 0100 3009 Soita ja tilaa omakustanteinen taksi Kela-Kyydit ja omakustanteiset taksikyydit Jokilaaksojen alueella Olemme kotimainen ja paikallinen taksi, joka tarjoaa [&hellip;]<\/p>\n","protected":false},"author":1,"featured_media":0,"parent":0,"menu_order":0,"comment_status":"closed","ping_status":"closed","template":"","meta":{"site-sidebar-layout":"no-sidebar","site-content-layout":"page-builder","ast-site-content-layout":"full-width-container","site-content-style":"unboxed","site-sidebar-style":"unboxed","ast-global-header-display":"","ast-banner-title-visibility":"","ast-main-header-display":"","ast-hfb-above-header-display":"","ast-hfb-below-header-display":"","ast-hfb-mobile-header-display":"","site-post-title":"disabled","ast-breadcrumbs-content":"","ast-featured-img":"disabled","footer-sml-layout":"","ast-disable-related-posts":"","theme-transparent-header-meta":"","adv-header-id-meta":"","stick-header-meta":"","header-above-stick-meta":"","header-main-stick-meta":"","header-below-stick-meta":"","astra-migrate-meta-layouts":"set","ast-page-background-enabled":"default","ast-page-background-meta":{"desktop":{"background-color":"","background-image":"","background-repeat":"repeat","background-position":"center center","background-size":"auto","background-attachment":"scroll","background-type":"","background-media":"","overlay-type":"","overlay-color":"","overlay-opacity":"","overlay-gradient":""},"tablet":{"background-color":"","background-image":"","background-repeat":"repeat","background-position":"center center","background-size":"auto","background-attachment":"scroll","background-type":"","background-media":"","overlay-type":"","overlay-color":"","overlay-opacity":"","overlay-gradient":""},"mobile":{"background-color":"","background-image":"","background-repeat":"repeat","background-position":"center center","background-size":"auto","background-attachment":"scroll","background-type":"","background-media":"","overlay-type":"","overlay-color":"","overlay-opacity":"","overlay-gradient":""}},"ast-content-background-meta":{"desktop":{"background-color":"var(--ast-global-color-5)","background-image":"","background-repeat":"repeat","background-position":"center center","background-size":"auto","background-attachment":"scroll","background-type":"","background-media":"","overlay-type":"","overlay-color":"","overlay-opacity":"","overlay-gradient":""},"tablet":{"background-color":"var(--ast-global-color-5)","background-image":"","background-repeat":"repeat","background-position":"center center","background-size":"auto","background-attachment":"scroll","background-type":"","background-media":"","overlay-type":"","overlay-color":"","overlay-opacity":"","overlay-gradient":""},"mobile":{"background-color":"var(--ast-global-color-5)","background-image":"","background-repeat":"repeat","background-position":"center center","background-size":"auto","background-attachment":"scroll","background-type":"","background-media":"","overlay-type":"","overlay-color":"","overlay-opacity":"","overlay-gradient":""}},"footnotes":""},"class_list":["post-9","page","type-page","status-publish","hentry"],"yoast_head":"<!-- This site is optimized with the Yoast SEO plugin v27.4 - https:\/\/yoast.com\/product\/yoast-seo-wordpress\/ -->\n<title>Tilaa Kela-taksi - Kela-taksi<\/title>\n<meta name=\"description\" content=\"Kela-taksipalveluita Ylivieskan, Alavieskan, Kalajoen ja Nivalan alueella.\" \/>\n<meta name=\"robots\" content=\"index, follow, max-snippet:-1, max-image-preview:large, max-video-preview:-1\" \/>\n<link rel=\"canonical\" href=\"https:\/\/kelataxi.fi\/\" \/>\n<meta property=\"og:locale\" content=\"fi_FI\" \/>\n<meta property=\"og:type\" content=\"article\" \/>\n<meta property=\"og:title\" content=\"Tilaa Kela-taksi - Kela-taksi\" \/>\n<meta property=\"og:description\" content=\"Kela-taksipalveluita Ylivieskan, Alavieskan, Kalajoen ja Nivalan alueella.\" \/>\n<meta property=\"og:url\" content=\"https:\/\/kelataxi.fi\/\" \/>\n<meta property=\"og:site_name\" content=\"Kela-taksi\" \/>\n<meta property=\"article:modified_time\" content=\"2026-01-10T07:24:37+00:00\" \/>\n<meta property=\"og:image\" content=\"https:\/\/kelataxi.fi\/wp-content\/uploads\/2022\/08\/kela-taksi-ylivieska-1024x680.jpg\" \/>\n<meta name=\"twitter:card\" content=\"summary_large_image\" \/>\n<meta name=\"twitter:label1\" content=\"Arvioitu lukuaika\" \/>\n\t<meta name=\"twitter:data1\" content=\"2 minuuttia\" \/>\n<script type=\"application\/ld+json\" class=\"yoast-schema-graph\">{\"@context\":\"https:\\\/\\\/schema.org\",\"@graph\":[{\"@type\":\"WebPage\",\"@id\":\"https:\\\/\\\/kelataxi.fi\\\/\",\"url\":\"https:\\\/\\\/kelataxi.fi\\\/\",\"name\":\"Tilaa Kela-taksi - Kela-taksi\",\"isPartOf\":{\"@id\":\"https:\\\/\\\/kelataxi.fi\\\/#website\"},\"primaryImageOfPage\":{\"@id\":\"https:\\\/\\\/kelataxi.fi\\\/#primaryimage\"},\"image\":{\"@id\":\"https:\\\/\\\/kelataxi.fi\\\/#primaryimage\"},\"thumbnailUrl\":\"https:\\\/\\\/kelataxi.fi\\\/wp-content\\\/uploads\\\/2022\\\/08\\\/kela-taksi-ylivieska-1024x680.jpg\",\"datePublished\":\"2021-05-18T04:37:24+00:00\",\"dateModified\":\"2026-01-10T07:24:37+00:00\",\"description\":\"Kela-taksipalveluita Ylivieskan, Alavieskan, Kalajoen ja Nivalan alueella.\",\"breadcrumb\":{\"@id\":\"https:\\\/\\\/kelataxi.fi\\\/#breadcrumb\"},\"inLanguage\":\"fi\",\"potentialAction\":[{\"@type\":\"ReadAction\",\"target\":[\"https:\\\/\\\/kelataxi.fi\\\/\"]}]},{\"@type\":\"ImageObject\",\"inLanguage\":\"fi\",\"@id\":\"https:\\\/\\\/kelataxi.fi\\\/#primaryimage\",\"url\":\"https:\\\/\\\/kelataxi.fi\\\/wp-content\\\/uploads\\\/2022\\\/08\\\/kela-taksi-ylivieska.jpg\",\"contentUrl\":\"https:\\\/\\\/kelataxi.fi\\\/wp-content\\\/uploads\\\/2022\\\/08\\\/kela-taksi-ylivieska.jpg\",\"width\":1600,\"height\":1063},{\"@type\":\"BreadcrumbList\",\"@id\":\"https:\\\/\\\/kelataxi.fi\\\/#breadcrumb\",\"itemListElement\":[{\"@type\":\"ListItem\",\"position\":1,\"name\":\"Etusivu\",\"item\":\"https:\\\/\\\/kelataxi.fi\\\/\"},{\"@type\":\"ListItem\",\"position\":2,\"name\":\"Etusivu\"}]},{\"@type\":\"WebSite\",\"@id\":\"https:\\\/\\\/kelataxi.fi\\\/#website\",\"url\":\"https:\\\/\\\/kelataxi.fi\\\/\",\"name\":\"Kela-taksi\",\"description\":\"Kela-Kyydit ja omakustanteiset taksikyydit Jokilaaksojen alueella\",\"publisher\":{\"@id\":\"https:\\\/\\\/kelataxi.fi\\\/#organization\"},\"potentialAction\":[{\"@type\":\"SearchAction\",\"target\":{\"@type\":\"EntryPoint\",\"urlTemplate\":\"https:\\\/\\\/kelataxi.fi\\\/?s={search_term_string}\"},\"query-input\":{\"@type\":\"PropertyValueSpecification\",\"valueRequired\":true,\"valueName\":\"search_term_string\"}}],\"inLanguage\":\"fi\"},{\"@type\":\"Organization\",\"@id\":\"https:\\\/\\\/kelataxi.fi\\\/#organization\",\"name\":\"Kela-taksi\",\"url\":\"https:\\\/\\\/kelataxi.fi\\\/\",\"logo\":{\"@type\":\"ImageObject\",\"inLanguage\":\"fi\",\"@id\":\"https:\\\/\\\/kelataxi.fi\\\/#\\\/schema\\\/logo\\\/image\\\/\",\"url\":\"https:\\\/\\\/kelataxi.fi\\\/wp-content\\\/uploads\\\/2022\\\/08\\\/Group-4.png\",\"contentUrl\":\"https:\\\/\\\/kelataxi.fi\\\/wp-content\\\/uploads\\\/2022\\\/08\\\/Group-4.png\",\"width\":207,\"height\":78,\"caption\":\"Kela-taksi\"},\"image\":{\"@id\":\"https:\\\/\\\/kelataxi.fi\\\/#\\\/schema\\\/logo\\\/image\\\/\"}}]}<\/script>\n<!-- \/ Yoast SEO plugin. -->","yoast_head_json":{"title":"Tilaa Kela-taksi - Kela-taksi","description":"Kela-taksipalveluita Ylivieskan, Alavieskan, Kalajoen ja Nivalan alueella.","robots":{"index":"index","follow":"follow","max-snippet":"max-snippet:-1","max-image-preview":"max-image-preview:large","max-video-preview":"max-video-preview:-1"},"canonical":"https:\/\/kelataxi.fi\/","og_locale":"fi_FI","og_type":"article","og_title":"Tilaa Kela-taksi - Kela-taksi","og_description":"Kela-taksipalveluita Ylivieskan, Alavieskan, Kalajoen ja Nivalan alueella.","og_url":"https:\/\/kelataxi.fi\/","og_site_name":"Kela-taksi","article_modified_time":"2026-01-10T07:24:37+00:00","og_image":[{"url":"https:\/\/kelataxi.fi\/wp-content\/uploads\/2022\/08\/kela-taksi-ylivieska-1024x680.jpg","type":"","width":"","height":""}],"twitter_card":"summary_large_image","twitter_misc":{"Arvioitu lukuaika":"2 minuuttia"},"schema":{"@context":"https:\/\/schema.org","@graph":[{"@type":"WebPage","@id":"https:\/\/kelataxi.fi\/","url":"https:\/\/kelataxi.fi\/","name":"Tilaa Kela-taksi - Kela-taksi","isPartOf":{"@id":"https:\/\/kelataxi.fi\/#website"},"primaryImageOfPage":{"@id":"https:\/\/kelataxi.fi\/#primaryimage"},"image":{"@id":"https:\/\/kelataxi.fi\/#primaryimage"},"thumbnailUrl":"https:\/\/kelataxi.fi\/wp-content\/uploads\/2022\/08\/kela-taksi-ylivieska-1024x680.jpg","datePublished":"2021-05-18T04:37:24+00:00","dateModified":"2026-01-10T07:24:37+00:00","description":"Kela-taksipalveluita Ylivieskan, Alavieskan, Kalajoen ja Nivalan alueella.","breadcrumb":{"@id":"https:\/\/kelataxi.fi\/#breadcrumb"},"inLanguage":"fi","potentialAction":[{"@type":"ReadAction","target":["https:\/\/kelataxi.fi\/"]}]},{"@type":"ImageObject","inLanguage":"fi","@id":"https:\/\/kelataxi.fi\/#primaryimage","url":"https:\/\/kelataxi.fi\/wp-content\/uploads\/2022\/08\/kela-taksi-ylivieska.jpg","contentUrl":"https:\/\/kelataxi.fi\/wp-content\/uploads\/2022\/08\/kela-taksi-ylivieska.jpg","width":1600,"height":1063},{"@type":"BreadcrumbList","@id":"https:\/\/kelataxi.fi\/#breadcrumb","itemListElement":[{"@type":"ListItem","position":1,"name":"Etusivu","item":"https:\/\/kelataxi.fi\/"},{"@type":"ListItem","position":2,"name":"Etusivu"}]},{"@type":"WebSite","@id":"https:\/\/kelataxi.fi\/#website","url":"https:\/\/kelataxi.fi\/","name":"Kela-taksi","description":"Kela-Kyydit ja omakustanteiset taksikyydit Jokilaaksojen alueella","publisher":{"@id":"https:\/\/kelataxi.fi\/#organization"},"potentialAction":[{"@type":"SearchAction","target":{"@type":"EntryPoint","urlTemplate":"https:\/\/kelataxi.fi\/?s={search_term_string}"},"query-input":{"@type":"PropertyValueSpecification","valueRequired":true,"valueName":"search_term_string"}}],"inLanguage":"fi"},{"@type":"Organization","@id":"https:\/\/kelataxi.fi\/#organization","name":"Kela-taksi","url":"https:\/\/kelataxi.fi\/","logo":{"@type":"ImageObject","inLanguage":"fi","@id":"https:\/\/kelataxi.fi\/#\/schema\/logo\/image\/","url":"https:\/\/kelataxi.fi\/wp-content\/uploads\/2022\/08\/Group-4.png","contentUrl":"https:\/\/kelataxi.fi\/wp-content\/uploads\/2022\/08\/Group-4.png","width":207,"height":78,"caption":"Kela-taksi"},"image":{"@id":"https:\/\/kelataxi.fi\/#\/schema\/logo\/image\/"}}]}},"_links":{"self":[{"href":"https:\/\/kelataxi.fi\/index.php?rest_route=\/wp\/v2\/pages\/9","targetHints":{"allow":["GET"]}}],"collection":[{"href":"https:\/\/kelataxi.fi\/index.php?rest_route=\/wp\/v2\/pages"}],"about":[{"href":"https:\/\/kelataxi.fi\/index.php?rest_route=\/wp\/v2\/types\/page"}],"author":[{"embeddable":true,"href":"https:\/\/kelataxi.fi\/index.php?rest_route=\/wp\/v2\/users\/1"}],"replies":[{"embeddable":true,"href":"https:\/\/kelataxi.fi\/index.php?rest_route=%2Fwp%2Fv2%2Fcomments&post=9"}],"version-history":[{"count":158,"href":"https:\/\/kelataxi.fi\/index.php?rest_route=\/wp\/v2\/pages\/9\/revisions"}],"predecessor-version":[{"id":1652,"href":"https:\/\/kelataxi.fi\/index.php?rest_route=\/wp\/v2\/pages\/9\/revisions\/1652"}],"wp:attachment":[{"href":"https:\/\/kelataxi.fi\/index.php?rest_route=%2Fwp%2Fv2%2Fmedia&parent=9"}],"curies":[{"name":"wp","href":"https:\/\/api.w.org\/{rel}","templated":true}]}}